{"id":78,"date":"2025-09-25T05:46:14","date_gmt":"2025-09-25T11:46:14","guid":{"rendered":"https:\/\/cbtf5.mx\/?page_id=78"},"modified":"2025-09-26T10:16:01","modified_gmt":"2025-09-26T16:16:01","slug":"oferta-educativa","status":"publish","type":"page","link":"https:\/\/cbtf5.mx\/index.php\/oferta-educativa\/","title":{"rendered":"Oferta Educativa"},"content":{"rendered":"\n<p>Conoce nuestros Bachilleratos<\/p>\n\n\n\n<figure class=\"wp-block-video\"><video height=\"480\" style=\"aspect-ratio: 848 \/ 480;\" width=\"848\" controls src=\"https:\/\/cbtf5.mx\/wp-content\/uploads\/2025\/09\/VIDEO-PROMOCIONAL.mp4\"><\/video><\/figure>\n\n\n\n<div class=\"wp-block-group wp-block-section about-sec alignfull is-layout-constrained wp-container-core-group-is-layout-c34c458f wp-block-group-is-layout-constrained\" style=\"padding-top:var(--wp--preset--spacing--70);padding-right:0px;padding-bottom:var(--wp--preset--spacing--60);padding-left:0px\">\n<div class=\"wp-block-columns are-vertically-aligned-center abt-main-cols is-layout-flex wp-container-core-columns-is-layout-28f84493 wp-block-columns-is-layout-flex\">\n<div class=\"wp-block-column is-vertically-aligned-center abt-right wow zoomIn is-layout-flow wp-block-column-is-layout-flow\">\n<div class=\"wp-block-group abt-img-box is-layout-flow wp-block-group-is-layout-flow\" style=\"padding-right:var(--wp--preset--spacing--70)\">\n<div class=\"wp-block-group is-nowrap is-layout-flex wp-container-core-group-is-layout-6c531013 wp-block-group-is-layout-flex\">\n<figure class=\"wp-block-image size-full is-resized has-custom-border aboutimg\"><img loading=\"lazy\" decoding=\"async\" width=\"2048\" height=\"1365\" src=\"https:\/\/cbtf5.mx\/wp-content\/uploads\/2025\/09\/ofera_educativa.jpg\" alt=\"\" class=\"wp-image-119\" style=\"border-radius:20px;width:828px;height:auto\" srcset=\"https:\/\/cbtf5.mx\/wp-content\/uploads\/2025\/09\/ofera_educativa.jpg 2048w, https:\/\/cbtf5.mx\/wp-content\/uploads\/2025\/09\/ofera_educativa-300x200.jpg 300w, https:\/\/cbtf5.mx\/wp-content\/uploads\/2025\/09\/ofera_educativa-1024x683.jpg 1024w, https:\/\/cbtf5.mx\/wp-content\/uploads\/2025\/09\/ofera_educativa-768x512.jpg 768w, https:\/\/cbtf5.mx\/wp-content\/uploads\/2025\/09\/ofera_educativa-1536x1024.jpg 1536w\" sizes=\"auto, (max-width: 2048px) 100vw, 2048px\" \/><\/figure>\n\n\n\n<div class=\"wp-block-group abt-leaf-wrap has-border-color has-background-border-color has-secondary-background-color has-background is-layout-flow wp-block-group-is-layout-flow\" style=\"border-width:3px;margin-top:0;margin-bottom:0;padding-top:0;padding-right:0;padding-bottom:0;padding-left:0\">\n<figure class=\"wp-block-image size-full\"><img decoding=\"async\" src=\"https:\/\/cbtf5.mx\/wp-content\/themes\/bio-energy\/assets\/images\/leaf.png\" alt=\"\" class=\"wp-image-113\"\/><\/figure>\n<\/div>\n<\/div>\n<\/div>\n<\/div>\n\n\n\n<div class=\"wp-block-column is-vertically-aligned-center about-cnt wow rollIn is-layout-flow wp-block-column-is-layout-flow\">\n<p class=\"about-txt\" style=\"font-size:16px\">Al finalizar el bachillerato con nosotros podr\u00e1s recibir el t\u00edtulo que corresponda con la carrera t\u00e9cnica que elijas.<\/p>\n<\/div>\n<\/div>\n<\/div>\n\n\n\n<h2 class=\"wp-block-heading\" style=\"font-size:28px;font-style:normal;font-weight:700\">Conoce nuestros tres bachilleratos.<\/h2>\n\n\n\n<div class=\"wp-block-buttons is-layout-flex wp-block-buttons-is-layout-flex\">\n<div class=\"wp-block-button\"><a class=\"wp-block-button__link has-custom-font-size wp-element-button\" style=\"padding-top:var(--wp--preset--spacing--20);padding-right:var(--wp--preset--spacing--40);padding-bottom:var(--wp--preset--spacing--20);padding-left:var(--wp--preset--spacing--40);font-size:14px;font-style:normal;font-weight:500\">Leer m\u00e1s&#8230;<\/a><\/div>\n<\/div>\n\n\n\n<p><\/p>\n","protected":false},"excerpt":{"rendered":"<p>Conoce nuestros Bachilleratos Al finalizar el bachillerato con nosotros podr\u00e1s recibir el t\u00edtulo que corresponda con la carrera t\u00e9cnica que elijas. Conoce nuestros tres bachilleratos.<\/p>\n","protected":false},"author":1,"featured_media":0,"parent":0,"menu_order":0,"comment_status":"closed","ping_status":"closed","template":"","meta":{"footnotes":""},"class_list":["post-78","page","type-page","status-publish","hentry"],"yoast_head":"<!-- This site is optimized with the Yoast SEO plugin v25.6 - https:\/\/yoast.com\/wordpress\/plugins\/seo\/ -->\n<title>Oferta Educativa - CBTF No.5<\/title>\n<meta name=\"robots\" content=\"index, follow, max-snippet:-1, max-image-preview:large, max-video-preview:-1\" \/>\n<link rel=\"canonical\" href=\"https:\/\/cbtf5.mx\/index.php\/oferta-educativa\/\" \/>\n<meta property=\"og:locale\" content=\"es_MX\" \/>\n<meta property=\"og:type\" content=\"article\" \/>\n<meta property=\"og:title\" content=\"Oferta Educativa - CBTF No.5\" \/>\n<meta property=\"og:description\" content=\"Conoce nuestros Bachilleratos Al finalizar el bachillerato con nosotros podr\u00e1s recibir el t\u00edtulo que corresponda con la carrera t\u00e9cnica que elijas. Conoce nuestros tres bachilleratos.\" \/>\n<meta property=\"og:url\" content=\"https:\/\/cbtf5.mx\/index.php\/oferta-educativa\/\" \/>\n<meta property=\"og:site_name\" content=\"CBTF No.5\" \/>\n<meta property=\"article:modified_time\" content=\"2025-09-26T16:16:01+00:00\" \/>\n<meta property=\"og:image\" content=\"https:\/\/cbtf5.mx\/wp-content\/uploads\/2025\/09\/ofera_educativa.jpg\" \/>\n\t<meta property=\"og:image:width\" content=\"2048\" \/>\n\t<meta property=\"og:image:height\" content=\"1365\" \/>\n\t<meta property=\"og:image:type\" content=\"image\/jpeg\" \/>\n<meta name=\"twitter:card\" content=\"summary_large_image\" \/>\n<meta name=\"twitter:label1\" content=\"Tiempo de lectura\" \/>\n\t<meta name=\"twitter:data1\" content=\"1 minuto\" \/>\n<script type=\"application\/ld+json\" class=\"yoast-schema-graph\">{\"@context\":\"https:\/\/schema.org\",\"@graph\":[{\"@type\":\"WebPage\",\"@id\":\"https:\/\/cbtf5.mx\/index.php\/oferta-educativa\/\",\"url\":\"https:\/\/cbtf5.mx\/index.php\/oferta-educativa\/\",\"name\":\"Oferta Educativa - CBTF No.5\",\"isPartOf\":{\"@id\":\"https:\/\/cbtf5.mx\/#website\"},\"primaryImageOfPage\":{\"@id\":\"https:\/\/cbtf5.mx\/index.php\/oferta-educativa\/#primaryimage\"},\"image\":{\"@id\":\"https:\/\/cbtf5.mx\/index.php\/oferta-educativa\/#primaryimage\"},\"thumbnailUrl\":\"https:\/\/cbtf5.mx\/wp-content\/uploads\/2025\/09\/ofera_educativa.jpg\",\"datePublished\":\"2025-09-25T11:46:14+00:00\",\"dateModified\":\"2025-09-26T16:16:01+00:00\",\"breadcrumb\":{\"@id\":\"https:\/\/cbtf5.mx\/index.php\/oferta-educativa\/#breadcrumb\"},\"inLanguage\":\"es\",\"potentialAction\":[{\"@type\":\"ReadAction\",\"target\":[\"https:\/\/cbtf5.mx\/index.php\/oferta-educativa\/\"]}]},{\"@type\":\"ImageObject\",\"inLanguage\":\"es\",\"@id\":\"https:\/\/cbtf5.mx\/index.php\/oferta-educativa\/#primaryimage\",\"url\":\"https:\/\/cbtf5.mx\/wp-content\/uploads\/2025\/09\/ofera_educativa.jpg\",\"contentUrl\":\"https:\/\/cbtf5.mx\/wp-content\/uploads\/2025\/09\/ofera_educativa.jpg\",\"width\":2048,\"height\":1365},{\"@type\":\"BreadcrumbList\",\"@id\":\"https:\/\/cbtf5.mx\/index.php\/oferta-educativa\/#breadcrumb\",\"itemListElement\":[{\"@type\":\"ListItem\",\"position\":1,\"name\":\"Inicio\",\"item\":\"https:\/\/cbtf5.mx\/\"},{\"@type\":\"ListItem\",\"position\":2,\"name\":\"Oferta Educativa\"}]},{\"@type\":\"WebSite\",\"@id\":\"https:\/\/cbtf5.mx\/#website\",\"url\":\"https:\/\/cbtf5.mx\/\",\"name\":\"CBTF No.5\",\"description\":\"Centro de Bachillerato Tecnol\u00f3gico Forestal No. 5\",\"publisher\":{\"@id\":\"https:\/\/cbtf5.mx\/#organization\"},\"potentialAction\":[{\"@type\":\"SearchAction\",\"target\":{\"@type\":\"EntryPoint\",\"urlTemplate\":\"https:\/\/cbtf5.mx\/?s={search_term_string}\"},\"query-input\":{\"@type\":\"PropertyValueSpecification\",\"valueRequired\":true,\"valueName\":\"search_term_string\"}}],\"inLanguage\":\"es\"},{\"@type\":\"Organization\",\"@id\":\"https:\/\/cbtf5.mx\/#organization\",\"name\":\"CBTF No.5\",\"url\":\"https:\/\/cbtf5.mx\/\",\"logo\":{\"@type\":\"ImageObject\",\"inLanguage\":\"es\",\"@id\":\"https:\/\/cbtf5.mx\/#\/schema\/logo\/image\/\",\"url\":\"https:\/\/cbtf5.mx\/wp-content\/uploads\/2025\/08\/logo-transparente.png\",\"contentUrl\":\"https:\/\/cbtf5.mx\/wp-content\/uploads\/2025\/08\/logo-transparente.png\",\"width\":437,\"height\":436,\"caption\":\"CBTF No.5\"},\"image\":{\"@id\":\"https:\/\/cbtf5.mx\/#\/schema\/logo\/image\/\"}}]}<\/script>\n<!-- \/ Yoast SEO plugin. -->","yoast_head_json":{"title":"Oferta Educativa - CBTF No.5","robots":{"index":"index","follow":"follow","max-snippet":"max-snippet:-1","max-image-preview":"max-image-preview:large","max-video-preview":"max-video-preview:-1"},"canonical":"https:\/\/cbtf5.mx\/index.php\/oferta-educativa\/","og_locale":"es_MX","og_type":"article","og_title":"Oferta Educativa - CBTF No.5","og_description":"Conoce nuestros Bachilleratos Al finalizar el bachillerato con nosotros podr\u00e1s recibir el t\u00edtulo que corresponda con la carrera t\u00e9cnica que elijas. Conoce nuestros tres bachilleratos.","og_url":"https:\/\/cbtf5.mx\/index.php\/oferta-educativa\/","og_site_name":"CBTF No.5","article_modified_time":"2025-09-26T16:16:01+00:00","og_image":[{"width":2048,"height":1365,"url":"https:\/\/cbtf5.mx\/wp-content\/uploads\/2025\/09\/ofera_educativa.jpg","type":"image\/jpeg"}],"twitter_card":"summary_large_image","twitter_misc":{"Tiempo de lectura":"1 minuto"},"schema":{"@context":"https:\/\/schema.org","@graph":[{"@type":"WebPage","@id":"https:\/\/cbtf5.mx\/index.php\/oferta-educativa\/","url":"https:\/\/cbtf5.mx\/index.php\/oferta-educativa\/","name":"Oferta Educativa - CBTF No.5","isPartOf":{"@id":"https:\/\/cbtf5.mx\/#website"},"primaryImageOfPage":{"@id":"https:\/\/cbtf5.mx\/index.php\/oferta-educativa\/#primaryimage"},"image":{"@id":"https:\/\/cbtf5.mx\/index.php\/oferta-educativa\/#primaryimage"},"thumbnailUrl":"https:\/\/cbtf5.mx\/wp-content\/uploads\/2025\/09\/ofera_educativa.jpg","datePublished":"2025-09-25T11:46:14+00:00","dateModified":"2025-09-26T16:16:01+00:00","breadcrumb":{"@id":"https:\/\/cbtf5.mx\/index.php\/oferta-educativa\/#breadcrumb"},"inLanguage":"es","potentialAction":[{"@type":"ReadAction","target":["https:\/\/cbtf5.mx\/index.php\/oferta-educativa\/"]}]},{"@type":"ImageObject","inLanguage":"es","@id":"https:\/\/cbtf5.mx\/index.php\/oferta-educativa\/#primaryimage","url":"https:\/\/cbtf5.mx\/wp-content\/uploads\/2025\/09\/ofera_educativa.jpg","contentUrl":"https:\/\/cbtf5.mx\/wp-content\/uploads\/2025\/09\/ofera_educativa.jpg","width":2048,"height":1365},{"@type":"BreadcrumbList","@id":"https:\/\/cbtf5.mx\/index.php\/oferta-educativa\/#breadcrumb","itemListElement":[{"@type":"ListItem","position":1,"name":"Inicio","item":"https:\/\/cbtf5.mx\/"},{"@type":"ListItem","position":2,"name":"Oferta Educativa"}]},{"@type":"WebSite","@id":"https:\/\/cbtf5.mx\/#website","url":"https:\/\/cbtf5.mx\/","name":"CBTF No.5","description":"Centro de Bachillerato Tecnol\u00f3gico Forestal No. 5","publisher":{"@id":"https:\/\/cbtf5.mx\/#organization"},"potentialAction":[{"@type":"SearchAction","target":{"@type":"EntryPoint","urlTemplate":"https:\/\/cbtf5.mx\/?s={search_term_string}"},"query-input":{"@type":"PropertyValueSpecification","valueRequired":true,"valueName":"search_term_string"}}],"inLanguage":"es"},{"@type":"Organization","@id":"https:\/\/cbtf5.mx\/#organization","name":"CBTF No.5","url":"https:\/\/cbtf5.mx\/","logo":{"@type":"ImageObject","inLanguage":"es","@id":"https:\/\/cbtf5.mx\/#\/schema\/logo\/image\/","url":"https:\/\/cbtf5.mx\/wp-content\/uploads\/2025\/08\/logo-transparente.png","contentUrl":"https:\/\/cbtf5.mx\/wp-content\/uploads\/2025\/08\/logo-transparente.png","width":437,"height":436,"caption":"CBTF No.5"},"image":{"@id":"https:\/\/cbtf5.mx\/#\/schema\/logo\/image\/"}}]}},"jetpack_sharing_enabled":true,"_links":{"self":[{"href":"https:\/\/cbtf5.mx\/index.php\/wp-json\/wp\/v2\/pages\/78","targetHints":{"allow":["GET"]}}],"collection":[{"href":"https:\/\/cbtf5.mx\/index.php\/wp-json\/wp\/v2\/pages"}],"about":[{"href":"https:\/\/cbtf5.mx\/index.php\/wp-json\/wp\/v2\/types\/page"}],"author":[{"embeddable":true,"href":"https:\/\/cbtf5.mx\/index.php\/wp-json\/wp\/v2\/users\/1"}],"replies":[{"embeddable":true,"href":"https:\/\/cbtf5.mx\/index.php\/wp-json\/wp\/v2\/comments?post=78"}],"version-history":[{"count":3,"href":"https:\/\/cbtf5.mx\/index.php\/wp-json\/wp\/v2\/pages\/78\/revisions"}],"predecessor-version":[{"id":120,"href":"https:\/\/cbtf5.mx\/index.php\/wp-json\/wp\/v2\/pages\/78\/revisions\/120"}],"wp:attachment":[{"href":"https:\/\/cbtf5.mx\/index.php\/wp-json\/wp\/v2\/media?parent=78"}],"curies":[{"name":"wp","href":"https:\/\/api.w.org\/{rel}","templated":true}]}}