{"id":220,"date":"2025-10-31T09:15:46","date_gmt":"2025-10-31T15:15:46","guid":{"rendered":"https:\/\/cbtf5.mx\/?page_id=220"},"modified":"2026-03-04T06:28:13","modified_gmt":"2026-03-04T12:28:13","slug":"archivos-para-alumnos","status":"publish","type":"page","link":"https:\/\/cbtf5.mx\/index.php\/archivos-para-alumnos\/","title":{"rendered":"Archivos para alumnos"},"content":{"rendered":"\n<p>En este apartado se subir\u00e1n archivos y contenido de importancia general para los alumnos del CBTF5.<\/p>\n\n\n\n<p class=\"has-text-align-center has-tertiary-background-color has-background\"><strong>CALENDARIO DE ACTIVIDADES ACAD\u00c9MICAS FEBRERO-AGOSTO 2026<\/strong><\/p>\n\n\n\n<figure class=\"wp-block-table\"><table class=\"has-fixed-layout\"><tbody><tr><td class=\"has-text-align-center\" data-align=\"center\"><strong>EVALUACI\u00d3N ORDINARIA<\/strong><\/td><\/tr><\/tbody><\/table><\/figure>\n\n\n\n<figure class=\"wp-block-table\"><table class=\"has-fixed-layout\"><tbody><tr><td class=\"has-text-align-center\" data-align=\"center\">Evaluaciones Ordinarias Primer Parcial<\/td><td class=\"has-text-align-center\" data-align=\"center\">25 de marzo de 2026<\/td><\/tr><tr><td class=\"has-text-align-center\" data-align=\"center\">Registro de calificaciones SISEEMS Primer Parcial<\/td><td class=\"has-text-align-center\" data-align=\"center\">26 y 27 de marzo de 2026<\/td><\/tr><tr><td class=\"has-text-align-center\" data-align=\"center\">Evaluaciones Ordinarias Segundo Parcial<\/td><td class=\"has-text-align-center\" data-align=\"center\">27 de mayo de 2026<\/td><\/tr><tr><td class=\"has-text-align-center\" data-align=\"center\">Registro de calificaciones SISEEMS Segundo Parcial<\/td><td class=\"has-text-align-center\" data-align=\"center\">28 y 29 de mayo de 2026<\/td><\/tr><tr><td class=\"has-text-align-center\" data-align=\"center\">Evaluaciones Ordinarias Tercer Parcial<\/td><td class=\"has-text-align-center\" data-align=\"center\">10 de julio de 2026<\/td><\/tr><tr><td class=\"has-text-align-center\" data-align=\"center\">Registro de calificaciones SISEEMS Tercer Parcial<\/td><td class=\"has-text-align-center\" data-align=\"center\">13 y 14 de julio de 2026<\/td><\/tr><\/tbody><\/table><\/figure>\n\n\n\n<figure class=\"wp-block-table\"><table class=\"has-fixed-layout\"><tbody><tr><td class=\"has-text-align-center\" data-align=\"center\"><strong>RECUPERACIONES<\/strong><\/td><\/tr><\/tbody><\/table><\/figure>\n\n\n\n<figure class=\"wp-block-table\"><table class=\"has-fixed-layout\"><tbody><tr><td class=\"has-text-align-center\" data-align=\"center\">Evaluaci\u00f3n extraordinaria<\/td><td class=\"has-text-align-center\" data-align=\"center\">16 y 17 de julio de 2026<\/td><\/tr><tr><td class=\"has-text-align-center\" data-align=\"center\">Curso intersemestral<\/td><td class=\"has-text-align-center\" data-align=\"center\">20 de julio al 08 de agosto de 2026<\/td><\/tr><\/tbody><\/table><\/figure>\n\n\n\n<hr class=\"wp-block-separator has-alpha-channel-opacity\"\/>\n\n\n\n<hr class=\"wp-block-separator has-alpha-channel-opacity\"\/>\n\n\n\n<p class=\"has-text-align-center has-tertiary-background-color has-background\"><strong>CALENDARIO DE HONORES A LA BANDERA FEBRERO-JULIO 2026<\/strong><\/p>\n\n\n\n<figure class=\"wp-block-table\"><table class=\"has-fixed-layout\"><tbody><tr><td><strong>GRUPO<\/strong><\/td><td><strong>FECHA<\/strong><\/td><td><strong>VALOR DE LA SEMANA<\/strong><\/td><\/tr><\/tbody><\/table><\/figure>\n\n\n\n<p class=\"has-text-align-center\"><strong>MARZO<\/strong><\/p>\n\n\n\n<figure class=\"wp-block-table\"><table class=\"has-fixed-layout\"><tbody><tr><td>CUARTO FORESTAL<\/td><td>LUNES 2 DE MARZO<\/td><td>JUSTICIA<\/td><\/tr><tr><td>CUARTO ADMINISTRACION<\/td><td>LUNES 9 DE MARZO<\/td><td>LIBERTAD<\/td><\/tr><tr><td>CUARTO OFIMATICA<\/td><td>LUNES 23 DE MARZO<\/td><td>VERDAD<\/td><\/tr><\/tbody><\/table><\/figure>\n\n\n\n<p class=\"has-text-align-center\"><strong>ABRIL<\/strong><\/p>\n\n\n\n<figure class=\"wp-block-table\"><table class=\"has-fixed-layout\"><tbody><tr><td>SEGUNDO FORESTAL-A<\/td><td>LUNES 13 DE ABRIL<\/td><td>PERFECCI\u00d3N<\/td><\/tr><tr><td><\/td><td><\/td><td>SACRIFICIO<\/td><\/tr><tr><td><\/td><td><\/td><td>OPTIMISMO<\/td><\/tr><\/tbody><\/table><\/figure>\n","protected":false},"excerpt":{"rendered":"<p>En este apartado se subir\u00e1n archivos y contenido de importancia general para los alumnos del CBTF5. CALENDARIO DE ACTIVIDADES ACAD\u00c9MICAS FEBRERO-AGOSTO 2026 EVALUACI\u00d3N ORDINARIA Evaluaciones Ordinarias Primer Parcial 25 de marzo de 2026 Registro de calificaciones SISEEMS Primer Parcial 26 y 27 de marzo de 2026 Evaluaciones Ordinarias Segundo Parcial 27 de mayo de 2026 [&hellip;]<\/p>\n","protected":false},"author":1,"featured_media":0,"parent":0,"menu_order":0,"comment_status":"closed","ping_status":"closed","template":"","meta":{"footnotes":""},"class_list":["post-220","page","type-page","status-publish","hentry"],"yoast_head":"<!-- This site is optimized with the Yoast SEO plugin v25.6 - https:\/\/yoast.com\/wordpress\/plugins\/seo\/ -->\n<title>Archivos para alumnos - CBTF No.5<\/title>\n<meta name=\"robots\" content=\"index, follow, max-snippet:-1, max-image-preview:large, max-video-preview:-1\" \/>\n<link rel=\"canonical\" href=\"https:\/\/cbtf5.mx\/index.php\/archivos-para-alumnos\/\" \/>\n<meta property=\"og:locale\" content=\"es_MX\" \/>\n<meta property=\"og:type\" content=\"article\" \/>\n<meta property=\"og:title\" content=\"Archivos para alumnos - CBTF No.5\" \/>\n<meta property=\"og:description\" content=\"En este apartado se subir\u00e1n archivos y contenido de importancia general para los alumnos del CBTF5. CALENDARIO DE ACTIVIDADES ACAD\u00c9MICAS FEBRERO-AGOSTO 2026 EVALUACI\u00d3N ORDINARIA Evaluaciones Ordinarias Primer Parcial 25 de marzo de 2026 Registro de calificaciones SISEEMS Primer Parcial 26 y 27 de marzo de 2026 Evaluaciones Ordinarias Segundo Parcial 27 de mayo de 2026 [&hellip;]\" \/>\n<meta property=\"og:url\" content=\"https:\/\/cbtf5.mx\/index.php\/archivos-para-alumnos\/\" \/>\n<meta property=\"og:site_name\" content=\"CBTF No.5\" \/>\n<meta property=\"article:modified_time\" content=\"2026-03-04T12:28:13+00:00\" \/>\n<meta name=\"twitter:card\" content=\"summary_large_image\" \/>\n<meta name=\"twitter:label1\" content=\"Tiempo de lectura\" \/>\n\t<meta name=\"twitter:data1\" content=\"1 minuto\" \/>\n<script type=\"application\/ld+json\" class=\"yoast-schema-graph\">{\"@context\":\"https:\/\/schema.org\",\"@graph\":[{\"@type\":\"WebPage\",\"@id\":\"https:\/\/cbtf5.mx\/index.php\/archivos-para-alumnos\/\",\"url\":\"https:\/\/cbtf5.mx\/index.php\/archivos-para-alumnos\/\",\"name\":\"Archivos para alumnos - CBTF No.5\",\"isPartOf\":{\"@id\":\"https:\/\/cbtf5.mx\/#website\"},\"datePublished\":\"2025-10-31T15:15:46+00:00\",\"dateModified\":\"2026-03-04T12:28:13+00:00\",\"breadcrumb\":{\"@id\":\"https:\/\/cbtf5.mx\/index.php\/archivos-para-alumnos\/#breadcrumb\"},\"inLanguage\":\"es\",\"potentialAction\":[{\"@type\":\"ReadAction\",\"target\":[\"https:\/\/cbtf5.mx\/index.php\/archivos-para-alumnos\/\"]}]},{\"@type\":\"BreadcrumbList\",\"@id\":\"https:\/\/cbtf5.mx\/index.php\/archivos-para-alumnos\/#breadcrumb\",\"itemListElement\":[{\"@type\":\"ListItem\",\"position\":1,\"name\":\"Inicio\",\"item\":\"https:\/\/cbtf5.mx\/\"},{\"@type\":\"ListItem\",\"position\":2,\"name\":\"Archivos para alumnos\"}]},{\"@type\":\"WebSite\",\"@id\":\"https:\/\/cbtf5.mx\/#website\",\"url\":\"https:\/\/cbtf5.mx\/\",\"name\":\"CBTF No.5\",\"description\":\"Centro de Bachillerato Tecnol\u00f3gico Forestal No. 5\",\"publisher\":{\"@id\":\"https:\/\/cbtf5.mx\/#organization\"},\"potentialAction\":[{\"@type\":\"SearchAction\",\"target\":{\"@type\":\"EntryPoint\",\"urlTemplate\":\"https:\/\/cbtf5.mx\/?s={search_term_string}\"},\"query-input\":{\"@type\":\"PropertyValueSpecification\",\"valueRequired\":true,\"valueName\":\"search_term_string\"}}],\"inLanguage\":\"es\"},{\"@type\":\"Organization\",\"@id\":\"https:\/\/cbtf5.mx\/#organization\",\"name\":\"CBTF No.5\",\"url\":\"https:\/\/cbtf5.mx\/\",\"logo\":{\"@type\":\"ImageObject\",\"inLanguage\":\"es\",\"@id\":\"https:\/\/cbtf5.mx\/#\/schema\/logo\/image\/\",\"url\":\"https:\/\/cbtf5.mx\/wp-content\/uploads\/2025\/08\/logo-transparente.png\",\"contentUrl\":\"https:\/\/cbtf5.mx\/wp-content\/uploads\/2025\/08\/logo-transparente.png\",\"width\":437,\"height\":436,\"caption\":\"CBTF No.5\"},\"image\":{\"@id\":\"https:\/\/cbtf5.mx\/#\/schema\/logo\/image\/\"}}]}<\/script>\n<!-- \/ Yoast SEO plugin. -->","yoast_head_json":{"title":"Archivos para alumnos - CBTF No.5","robots":{"index":"index","follow":"follow","max-snippet":"max-snippet:-1","max-image-preview":"max-image-preview:large","max-video-preview":"max-video-preview:-1"},"canonical":"https:\/\/cbtf5.mx\/index.php\/archivos-para-alumnos\/","og_locale":"es_MX","og_type":"article","og_title":"Archivos para alumnos - CBTF No.5","og_description":"En este apartado se subir\u00e1n archivos y contenido de importancia general para los alumnos del CBTF5. CALENDARIO DE ACTIVIDADES ACAD\u00c9MICAS FEBRERO-AGOSTO 2026 EVALUACI\u00d3N ORDINARIA Evaluaciones Ordinarias Primer Parcial 25 de marzo de 2026 Registro de calificaciones SISEEMS Primer Parcial 26 y 27 de marzo de 2026 Evaluaciones Ordinarias Segundo Parcial 27 de mayo de 2026 [&hellip;]","og_url":"https:\/\/cbtf5.mx\/index.php\/archivos-para-alumnos\/","og_site_name":"CBTF No.5","article_modified_time":"2026-03-04T12:28:13+00:00","twitter_card":"summary_large_image","twitter_misc":{"Tiempo de lectura":"1 minuto"},"schema":{"@context":"https:\/\/schema.org","@graph":[{"@type":"WebPage","@id":"https:\/\/cbtf5.mx\/index.php\/archivos-para-alumnos\/","url":"https:\/\/cbtf5.mx\/index.php\/archivos-para-alumnos\/","name":"Archivos para alumnos - CBTF No.5","isPartOf":{"@id":"https:\/\/cbtf5.mx\/#website"},"datePublished":"2025-10-31T15:15:46+00:00","dateModified":"2026-03-04T12:28:13+00:00","breadcrumb":{"@id":"https:\/\/cbtf5.mx\/index.php\/archivos-para-alumnos\/#breadcrumb"},"inLanguage":"es","potentialAction":[{"@type":"ReadAction","target":["https:\/\/cbtf5.mx\/index.php\/archivos-para-alumnos\/"]}]},{"@type":"BreadcrumbList","@id":"https:\/\/cbtf5.mx\/index.php\/archivos-para-alumnos\/#breadcrumb","itemListElement":[{"@type":"ListItem","position":1,"name":"Inicio","item":"https:\/\/cbtf5.mx\/"},{"@type":"ListItem","position":2,"name":"Archivos para alumnos"}]},{"@type":"WebSite","@id":"https:\/\/cbtf5.mx\/#website","url":"https:\/\/cbtf5.mx\/","name":"CBTF No.5","description":"Centro de Bachillerato Tecnol\u00f3gico Forestal No. 5","publisher":{"@id":"https:\/\/cbtf5.mx\/#organization"},"potentialAction":[{"@type":"SearchAction","target":{"@type":"EntryPoint","urlTemplate":"https:\/\/cbtf5.mx\/?s={search_term_string}"},"query-input":{"@type":"PropertyValueSpecification","valueRequired":true,"valueName":"search_term_string"}}],"inLanguage":"es"},{"@type":"Organization","@id":"https:\/\/cbtf5.mx\/#organization","name":"CBTF No.5","url":"https:\/\/cbtf5.mx\/","logo":{"@type":"ImageObject","inLanguage":"es","@id":"https:\/\/cbtf5.mx\/#\/schema\/logo\/image\/","url":"https:\/\/cbtf5.mx\/wp-content\/uploads\/2025\/08\/logo-transparente.png","contentUrl":"https:\/\/cbtf5.mx\/wp-content\/uploads\/2025\/08\/logo-transparente.png","width":437,"height":436,"caption":"CBTF No.5"},"image":{"@id":"https:\/\/cbtf5.mx\/#\/schema\/logo\/image\/"}}]}},"jetpack_sharing_enabled":true,"_links":{"self":[{"href":"https:\/\/cbtf5.mx\/index.php\/wp-json\/wp\/v2\/pages\/220","targetHints":{"allow":["GET"]}}],"collection":[{"href":"https:\/\/cbtf5.mx\/index.php\/wp-json\/wp\/v2\/pages"}],"about":[{"href":"https:\/\/cbtf5.mx\/index.php\/wp-json\/wp\/v2\/types\/page"}],"author":[{"embeddable":true,"href":"https:\/\/cbtf5.mx\/index.php\/wp-json\/wp\/v2\/users\/1"}],"replies":[{"embeddable":true,"href":"https:\/\/cbtf5.mx\/index.php\/wp-json\/wp\/v2\/comments?post=220"}],"version-history":[{"count":2,"href":"https:\/\/cbtf5.mx\/index.php\/wp-json\/wp\/v2\/pages\/220\/revisions"}],"predecessor-version":[{"id":255,"href":"https:\/\/cbtf5.mx\/index.php\/wp-json\/wp\/v2\/pages\/220\/revisions\/255"}],"wp:attachment":[{"href":"https:\/\/cbtf5.mx\/index.php\/wp-json\/wp\/v2\/media?parent=220"}],"curies":[{"name":"wp","href":"https:\/\/api.w.org\/{rel}","templated":true}]}}