{"id":188,"date":"2025-10-11T18:48:27","date_gmt":"2025-10-12T00:48:27","guid":{"rendered":"https:\/\/cbtf5.mx\/?page_id=188"},"modified":"2025-10-18T06:04:36","modified_gmt":"2025-10-18T12:04:36","slug":"matematicas","status":"publish","type":"page","link":"https:\/\/cbtf5.mx\/index.php\/matematicas\/","title":{"rendered":"Matem\u00e1ticas"},"content":{"rendered":"\n<p>Por el momento se subir\u00e1n algunos <strong>links<\/strong> <strong>importantes<\/strong> y material did\u00e1ctico en PDF.<\/p>\n\n\n\n<p>El siguiente link es muy importante ya que nos muestra una linea del tiempo sobre los matem\u00e1ticos m\u00e1s importantes a trav\u00e9s de la historia. <a href=\"https:\/\/es.mathigon.org\/timeline\"><em><mark style=\"background-color:rgba(0, 0, 0, 0);color:#0693e3\" class=\"has-inline-color\"><strong>Linea del tiempo de matem\u00e1ticos.<\/strong><\/mark><\/em><\/a><\/p>\n\n\n\n<p>La siguiente lista son sitios con mucho contenido sobre muchos temas de matem\u00e1ticas:<\/p>\n\n\n\n<ul class=\"wp-block-list\">\n<li><a href=\"https:\/\/es.khanacademy.org\">Khan Academy<\/a><\/li>\n\n\n\n<li><a href=\"https:\/\/es.mathigon.org\/\" target=\"_blank\" rel=\"noreferrer noopener\">Mathigon<\/a><\/li>\n\n\n\n<li><a href=\"https:\/\/www.geogebra.org\/math\" target=\"_blank\" rel=\"noreferrer noopener\">Geogebra<\/a><\/li>\n\n\n\n<li><a href=\"https:\/\/www.ommenlinea.org\">Olimpiada Mexicana de Matem\u00e1ticas.<\/a><\/li>\n\n\n\n<li><a href=\"https:\/\/www.ommenlinea.org\/publicaciones\/folletos-introductorios\/\">Problemas introductorios para practicar para la Olimpiada Mexicana de Matem\u00e1ticas.<\/a><\/li>\n<\/ul>\n\n\n\n<p>El siguiente link abre un pizarr\u00f3n electr\u00f3nico donde el docente o el estudiante podr\u00e1 hacer sus trabajos sobre matem\u00e1ticas u otras ciencias y grabar una presentaci\u00f3n incorporando audio con la explicaci\u00f3n de lo realizado.<\/p>\n\n\n\n<p class=\"has-vivid-red-color has-text-color has-link-color wp-elements-0c610fe04a30f887c183736cd5326559\">Pizarr\u00f3n electr\u00f3nico <a href=\"https:\/\/polypad.amplify.com\/p\"><strong>polipad.amplify.com\/p<\/strong><\/a><\/p>\n\n\n\n<p><\/p>\n","protected":false},"excerpt":{"rendered":"<p>Por el momento se subir\u00e1n algunos links importantes y material did\u00e1ctico en PDF. El siguiente link es muy importante ya que nos muestra una linea del tiempo sobre los matem\u00e1ticos m\u00e1s importantes a trav\u00e9s de la historia. Linea del tiempo de matem\u00e1ticos. La siguiente lista son sitios con mucho contenido sobre muchos temas de matem\u00e1ticas: [&hellip;]<\/p>\n","protected":false},"author":1,"featured_media":0,"parent":0,"menu_order":0,"comment_status":"closed","ping_status":"closed","template":"","meta":{"footnotes":""},"class_list":["post-188","page","type-page","status-publish","hentry"],"yoast_head":"<!-- This site is optimized with the Yoast SEO plugin v25.6 - https:\/\/yoast.com\/wordpress\/plugins\/seo\/ -->\n<title>Matem\u00e1ticas - CBTF No.5<\/title>\n<meta name=\"robots\" content=\"index, follow, max-snippet:-1, max-image-preview:large, max-video-preview:-1\" \/>\n<link rel=\"canonical\" href=\"https:\/\/cbtf5.mx\/index.php\/matematicas\/\" \/>\n<meta property=\"og:locale\" content=\"es_MX\" \/>\n<meta property=\"og:type\" content=\"article\" \/>\n<meta property=\"og:title\" content=\"Matem\u00e1ticas - CBTF No.5\" \/>\n<meta property=\"og:description\" content=\"Por el momento se subir\u00e1n algunos links importantes y material did\u00e1ctico en PDF. El siguiente link es muy importante ya que nos muestra una linea del tiempo sobre los matem\u00e1ticos m\u00e1s importantes a trav\u00e9s de la historia. Linea del tiempo de matem\u00e1ticos. La siguiente lista son sitios con mucho contenido sobre muchos temas de matem\u00e1ticas: [&hellip;]\" \/>\n<meta property=\"og:url\" content=\"https:\/\/cbtf5.mx\/index.php\/matematicas\/\" \/>\n<meta property=\"og:site_name\" content=\"CBTF No.5\" \/>\n<meta property=\"article:modified_time\" content=\"2025-10-18T12:04:36+00:00\" \/>\n<meta name=\"twitter:card\" content=\"summary_large_image\" \/>\n<meta name=\"twitter:label1\" content=\"Tiempo de lectura\" \/>\n\t<meta name=\"twitter:data1\" content=\"1 minuto\" \/>\n<script type=\"application\/ld+json\" class=\"yoast-schema-graph\">{\"@context\":\"https:\/\/schema.org\",\"@graph\":[{\"@type\":\"WebPage\",\"@id\":\"https:\/\/cbtf5.mx\/index.php\/matematicas\/\",\"url\":\"https:\/\/cbtf5.mx\/index.php\/matematicas\/\",\"name\":\"Matem\u00e1ticas - CBTF No.5\",\"isPartOf\":{\"@id\":\"https:\/\/cbtf5.mx\/#website\"},\"datePublished\":\"2025-10-12T00:48:27+00:00\",\"dateModified\":\"2025-10-18T12:04:36+00:00\",\"breadcrumb\":{\"@id\":\"https:\/\/cbtf5.mx\/index.php\/matematicas\/#breadcrumb\"},\"inLanguage\":\"es\",\"potentialAction\":[{\"@type\":\"ReadAction\",\"target\":[\"https:\/\/cbtf5.mx\/index.php\/matematicas\/\"]}]},{\"@type\":\"BreadcrumbList\",\"@id\":\"https:\/\/cbtf5.mx\/index.php\/matematicas\/#breadcrumb\",\"itemListElement\":[{\"@type\":\"ListItem\",\"position\":1,\"name\":\"Inicio\",\"item\":\"https:\/\/cbtf5.mx\/\"},{\"@type\":\"ListItem\",\"position\":2,\"name\":\"Matem\u00e1ticas\"}]},{\"@type\":\"WebSite\",\"@id\":\"https:\/\/cbtf5.mx\/#website\",\"url\":\"https:\/\/cbtf5.mx\/\",\"name\":\"CBTF No.5\",\"description\":\"Centro de Bachillerato Tecnol\u00f3gico Forestal No. 5\",\"publisher\":{\"@id\":\"https:\/\/cbtf5.mx\/#organization\"},\"potentialAction\":[{\"@type\":\"SearchAction\",\"target\":{\"@type\":\"EntryPoint\",\"urlTemplate\":\"https:\/\/cbtf5.mx\/?s={search_term_string}\"},\"query-input\":{\"@type\":\"PropertyValueSpecification\",\"valueRequired\":true,\"valueName\":\"search_term_string\"}}],\"inLanguage\":\"es\"},{\"@type\":\"Organization\",\"@id\":\"https:\/\/cbtf5.mx\/#organization\",\"name\":\"CBTF No.5\",\"url\":\"https:\/\/cbtf5.mx\/\",\"logo\":{\"@type\":\"ImageObject\",\"inLanguage\":\"es\",\"@id\":\"https:\/\/cbtf5.mx\/#\/schema\/logo\/image\/\",\"url\":\"https:\/\/cbtf5.mx\/wp-content\/uploads\/2025\/08\/logo-transparente.png\",\"contentUrl\":\"https:\/\/cbtf5.mx\/wp-content\/uploads\/2025\/08\/logo-transparente.png\",\"width\":437,\"height\":436,\"caption\":\"CBTF No.5\"},\"image\":{\"@id\":\"https:\/\/cbtf5.mx\/#\/schema\/logo\/image\/\"}}]}<\/script>\n<!-- \/ Yoast SEO plugin. -->","yoast_head_json":{"title":"Matem\u00e1ticas - CBTF No.5","robots":{"index":"index","follow":"follow","max-snippet":"max-snippet:-1","max-image-preview":"max-image-preview:large","max-video-preview":"max-video-preview:-1"},"canonical":"https:\/\/cbtf5.mx\/index.php\/matematicas\/","og_locale":"es_MX","og_type":"article","og_title":"Matem\u00e1ticas - CBTF No.5","og_description":"Por el momento se subir\u00e1n algunos links importantes y material did\u00e1ctico en PDF. El siguiente link es muy importante ya que nos muestra una linea del tiempo sobre los matem\u00e1ticos m\u00e1s importantes a trav\u00e9s de la historia. Linea del tiempo de matem\u00e1ticos. La siguiente lista son sitios con mucho contenido sobre muchos temas de matem\u00e1ticas: [&hellip;]","og_url":"https:\/\/cbtf5.mx\/index.php\/matematicas\/","og_site_name":"CBTF No.5","article_modified_time":"2025-10-18T12:04:36+00:00","twitter_card":"summary_large_image","twitter_misc":{"Tiempo de lectura":"1 minuto"},"schema":{"@context":"https:\/\/schema.org","@graph":[{"@type":"WebPage","@id":"https:\/\/cbtf5.mx\/index.php\/matematicas\/","url":"https:\/\/cbtf5.mx\/index.php\/matematicas\/","name":"Matem\u00e1ticas - CBTF No.5","isPartOf":{"@id":"https:\/\/cbtf5.mx\/#website"},"datePublished":"2025-10-12T00:48:27+00:00","dateModified":"2025-10-18T12:04:36+00:00","breadcrumb":{"@id":"https:\/\/cbtf5.mx\/index.php\/matematicas\/#breadcrumb"},"inLanguage":"es","potentialAction":[{"@type":"ReadAction","target":["https:\/\/cbtf5.mx\/index.php\/matematicas\/"]}]},{"@type":"BreadcrumbList","@id":"https:\/\/cbtf5.mx\/index.php\/matematicas\/#breadcrumb","itemListElement":[{"@type":"ListItem","position":1,"name":"Inicio","item":"https:\/\/cbtf5.mx\/"},{"@type":"ListItem","position":2,"name":"Matem\u00e1ticas"}]},{"@type":"WebSite","@id":"https:\/\/cbtf5.mx\/#website","url":"https:\/\/cbtf5.mx\/","name":"CBTF No.5","description":"Centro de Bachillerato Tecnol\u00f3gico Forestal No. 5","publisher":{"@id":"https:\/\/cbtf5.mx\/#organization"},"potentialAction":[{"@type":"SearchAction","target":{"@type":"EntryPoint","urlTemplate":"https:\/\/cbtf5.mx\/?s={search_term_string}"},"query-input":{"@type":"PropertyValueSpecification","valueRequired":true,"valueName":"search_term_string"}}],"inLanguage":"es"},{"@type":"Organization","@id":"https:\/\/cbtf5.mx\/#organization","name":"CBTF No.5","url":"https:\/\/cbtf5.mx\/","logo":{"@type":"ImageObject","inLanguage":"es","@id":"https:\/\/cbtf5.mx\/#\/schema\/logo\/image\/","url":"https:\/\/cbtf5.mx\/wp-content\/uploads\/2025\/08\/logo-transparente.png","contentUrl":"https:\/\/cbtf5.mx\/wp-content\/uploads\/2025\/08\/logo-transparente.png","width":437,"height":436,"caption":"CBTF No.5"},"image":{"@id":"https:\/\/cbtf5.mx\/#\/schema\/logo\/image\/"}}]}},"jetpack_sharing_enabled":true,"_links":{"self":[{"href":"https:\/\/cbtf5.mx\/index.php\/wp-json\/wp\/v2\/pages\/188","targetHints":{"allow":["GET"]}}],"collection":[{"href":"https:\/\/cbtf5.mx\/index.php\/wp-json\/wp\/v2\/pages"}],"about":[{"href":"https:\/\/cbtf5.mx\/index.php\/wp-json\/wp\/v2\/types\/page"}],"author":[{"embeddable":true,"href":"https:\/\/cbtf5.mx\/index.php\/wp-json\/wp\/v2\/users\/1"}],"replies":[{"embeddable":true,"href":"https:\/\/cbtf5.mx\/index.php\/wp-json\/wp\/v2\/comments?post=188"}],"version-history":[{"count":10,"href":"https:\/\/cbtf5.mx\/index.php\/wp-json\/wp\/v2\/pages\/188\/revisions"}],"predecessor-version":[{"id":209,"href":"https:\/\/cbtf5.mx\/index.php\/wp-json\/wp\/v2\/pages\/188\/revisions\/209"}],"wp:attachment":[{"href":"https:\/\/cbtf5.mx\/index.php\/wp-json\/wp\/v2\/media?parent=188"}],"curies":[{"name":"wp","href":"https:\/\/api.w.org\/{rel}","templated":true}]}}